{"id":52,"date":"2017-04-09T17:01:45","date_gmt":"2017-04-09T15:01:45","guid":{"rendered":"http:\/\/www.focus-fit.de\/content\/?page_id=52"},"modified":"2020-11-16T14:48:06","modified_gmt":"2020-11-16T13:48:06","slug":"specials","status":"publish","type":"page","link":"https:\/\/www.focus-fit.de\/","title":{"rendered":"Ina Gersch"},"content":{"rendered":"<\/p>\n<ul>\n<li>Gepr\u00fcfte Fitness- und Pilatestrainerin<\/li>\n<li>Zertifiziertes Kineso-Taping<\/li>\n<li>Zertifizierung f\u00fcr Beckenbodengymnastik<\/li>\n<li>Kursleiterin Wirbels\u00e4ulentraining<\/li>\n<li>Kursleiterin f\u00fcr Progressive Muskelrelaxation (PMR)<\/li>\n<li>Ausbildung zum Resilienztrainer<\/li>\n<li>Zertifizieter YAB.Coach (YAB \u2013 Training mit speziellen Hanteln)<\/li>\n<p><\/p>\n<li>Einzelstunden individuell buchbar<\/li>\n<\/ul>\n","protected":false},"excerpt":{"rendered":"<p>Gepr\u00fcfte Fitness- und Pilatestrainerin Zertifiziertes Kineso-Taping Zertifizierung f\u00fcr Beckenbodengymnastik Kursleiterin Wirbels\u00e4ulentraining Kursleiterin f\u00fcr Progressive Muskelrelaxation (PMR) Ausbildung zum Resilienztrainer Zertifizieter YAB.Coach (YAB \u2013 Training mit speziellen Hanteln) Einzelstunden individuell buchbar<\/p>\n","protected":false},"author":1,"featured_media":0,"parent":0,"menu_order":0,"comment_status":"closed","ping_status":"closed","template":"template-fullwidth.php","meta":[],"_links":{"self":[{"href":"https:\/\/www.focus-fit.de\/index.php?rest_route=\/wp\/v2\/pages\/52"}],"collection":[{"href":"https:\/\/www.focus-fit.de\/index.php?rest_route=\/wp\/v2\/pages"}],"about":[{"href":"https:\/\/www.focus-fit.de\/index.php?rest_route=\/wp\/v2\/types\/page"}],"author":[{"embeddable":true,"href":"https:\/\/www.focus-fit.de\/index.php?rest_route=\/wp\/v2\/users\/1"}],"replies":[{"embeddable":true,"href":"https:\/\/www.focus-fit.de\/index.php?rest_route=%2Fwp%2Fv2%2Fcomments&post=52"}],"version-history":[{"count":11,"href":"https:\/\/www.focus-fit.de\/index.php?rest_route=\/wp\/v2\/pages\/52\/revisions"}],"predecessor-version":[{"id":128,"href":"https:\/\/www.focus-fit.de\/index.php?rest_route=\/wp\/v2\/pages\/52\/revisions\/128"}],"wp:attachment":[{"href":"https:\/\/www.focus-fit.de\/index.php?rest_route=%2Fwp%2Fv2%2Fmedia&parent=52"}],"curies":[{"name":"wp","href":"https:\/\/api.w.org\/{rel}","templated":true}]}}